{"id":159,"date":"2025-01-15T07:11:05","date_gmt":"2025-01-15T06:11:05","guid":{"rendered":"https:\/\/zopti.pl\/?page_id=159"},"modified":"2025-07-30T07:57:51","modified_gmt":"2025-07-30T05:57:51","slug":"kontakt","status":"publish","type":"page","link":"https:\/\/zopti.pl\/?page_id=159","title":{"rendered":"Kontakt"},"content":{"rendered":"\n<h3 class=\"wp-block-heading\"><strong>Dane kontaktowe firmy<\/strong><\/h3>\n\n\n\n<h4 class=\"wp-block-heading\">ZOPTI \u0141ukasz \u017buchli\u0144ski<\/h4>\n\n\n\n<ul class=\"wp-block-list\">\n<li><strong>Telefon:<\/strong> 519 464 573<\/li>\n\n\n\n<li><strong>E-mail:<\/strong> <a>biuro@zopti.pl<\/a><\/li>\n<\/ul>\n\n\n\n<p>Masz pomys\u0142 na inwestycj\u0119? Skontaktuj si\u0119 z nami i razem stworzymy co\u015b wyj\u0105tkowego!<\/p>\n\n\n\n<p><\/p>\n","protected":false},"excerpt":{"rendered":"<p>Dane kontaktowe firmy ZOPTI \u0141ukasz \u017buchli\u0144ski Masz pomys\u0142 na inwestycj\u0119? Skontaktuj si\u0119 z nami i razem stworzymy co\u015b wyj\u0105tkowego!<\/p>\n","protected":false},"author":1,"featured_media":0,"parent":0,"menu_order":0,"comment_status":"closed","ping_status":"closed","template":"","meta":{"footnotes":""},"class_list":["post-159","page","type-page","status-publish","hentry"],"_links":{"self":[{"href":"https:\/\/zopti.pl\/index.php?rest_route=\/wp\/v2\/pages\/159","targetHints":{"allow":["GET"]}}],"collection":[{"href":"https:\/\/zopti.pl\/index.php?rest_route=\/wp\/v2\/pages"}],"about":[{"href":"https:\/\/zopti.pl\/index.php?rest_route=\/wp\/v2\/types\/page"}],"author":[{"embeddable":true,"href":"https:\/\/zopti.pl\/index.php?rest_route=\/wp\/v2\/users\/1"}],"replies":[{"embeddable":true,"href":"https:\/\/zopti.pl\/index.php?rest_route=%2Fwp%2Fv2%2Fcomments&post=159"}],"version-history":[{"count":2,"href":"https:\/\/zopti.pl\/index.php?rest_route=\/wp\/v2\/pages\/159\/revisions"}],"predecessor-version":[{"id":216,"href":"https:\/\/zopti.pl\/index.php?rest_route=\/wp\/v2\/pages\/159\/revisions\/216"}],"wp:attachment":[{"href":"https:\/\/zopti.pl\/index.php?rest_route=%2Fwp%2Fv2%2Fmedia&parent=159"}],"curies":[{"name":"wp","href":"https:\/\/api.w.org\/{rel}","templated":true}]}}